{"id":90,"date":"2013-01-28T07:35:36","date_gmt":"2013-01-28T05:35:36","guid":{"rendered":"http:\/\/aputytot.net\/kotisivut\/?page_id=90"},"modified":"2026-02-26T16:46:09","modified_gmt":"2026-02-26T14:46:09","slug":"kotitalousvahennys","status":"publish","type":"page","link":"http:\/\/aputytot.net\/kotisivut\/kotitalousvahennys\/","title":{"rendered":"Kotitalousv\u00e4hennys"},"content":{"rendered":"<p style=\"text-align: right;\">\u00a0<a title=\"Lataa lomake !\" href=\"https:\/\/vero.fi\/contentassets\/2cfaf91e0e8e4680a53a0716f08ff2a7\/3086v21_ws.pdf\" target=\"_blank\" rel=\"noopener noreferrer\"><span style=\"text-decoration: underline;\">Lataa t\u00e4\u00e4lt\u00e4 kotitalousv\u00e4hennyslomake<\/span><span style=\"text-decoration: underline;\"> !<\/span> <\/a><\/p>\n<h1>Kotitalousv\u00e4hennys siivous- ja kotitaloust\u00f6ist\u00e4<\/h1>\n<p class=\"ingress\">Tavanomainen kotitalousty\u00f6 oikeuttaa v\u00e4hennykseen.<\/p>\n<p>Tavanomaista kotitalousty\u00f6t\u00e4 on\u00a0muun muassa<\/p>\n<ul>\n<li>siivous<\/li>\n<li>ruuanlaitto<\/li>\n<li>pyykinpesu, silitys ja muu vaatteiden huolto<\/li>\n<li>piha-alueen ja puutarhan hoito<\/li>\n<li>lumenluonti<\/li>\n<\/ul>\n<p>Tavanomaista kotitalousty\u00f6t\u00e4 <b>ei ole<\/b> esimerkiksi seuraavat ty\u00f6t:<\/p>\n<ul>\n<li>j\u00e4tteiden kuljetus<\/li>\n<li>likakaivon tyhjennys<\/li>\n<li>muutto- tai kuljetuspalvelut<\/li>\n<li>vartionti- ja turvapalvelut<\/li>\n<\/ul>\n<h2>Edellytyksen\u00e4 kotitalousv\u00e4hennykselle on, ett\u00e4 ty\u00f6 tehd\u00e4\u00e4n<\/h2>\n<ul>\n<li>omassa kodissa<\/li>\n<li>vapaa-ajan asunnossa<\/li>\n<li>vanhempien tai isovanhempien kodissa<\/li>\n<\/ul>\n<p>Asuntoa ei tarvitse omistaa, asuminen riitt\u00e4\u00e4.<\/p>\n<p><a title=\"Lue lis\u00e4\u00e4 !\" href=\"https:\/\/www.vero.fi\/syventavat-vero-ohjeet\/ohje-hakusivu\/47873\/kotitalousvahennys-verotuksessa5\/\" target=\"_blank\" rel=\"noopener noreferrer\" data-wplink-edit=\"true\">Lis\u00e4tietoa kotitalousv\u00e4hennyksest\u00e4 siivous- ja kotitaloust\u00f6ist\u00e4<\/a><\/p>\n","protected":false},"excerpt":{"rendered":"<p>\u00a0Lataa t\u00e4\u00e4lt\u00e4 kotitalousv\u00e4hennyslomake ! Kotitalousv\u00e4hennys siivous- ja kotitaloust\u00f6ist\u00e4 Tavanomainen kotitalousty\u00f6 oikeuttaa v\u00e4hennykseen. Tavanomaista kotitalousty\u00f6t\u00e4 on\u00a0muun muassa siivous ruuanlaitto pyykinpesu, silitys [&hellip;]<\/p>\n","protected":false},"author":1,"featured_media":0,"parent":0,"menu_order":0,"comment_status":"closed","ping_status":"open","template":"","meta":{"footnotes":""},"class_list":["post-90","page","type-page","status-publish","hentry"],"_links":{"self":[{"href":"http:\/\/aputytot.net\/kotisivut\/wp-json\/wp\/v2\/pages\/90","targetHints":{"allow":["GET"]}}],"collection":[{"href":"http:\/\/aputytot.net\/kotisivut\/wp-json\/wp\/v2\/pages"}],"about":[{"href":"http:\/\/aputytot.net\/kotisivut\/wp-json\/wp\/v2\/types\/page"}],"author":[{"embeddable":true,"href":"http:\/\/aputytot.net\/kotisivut\/wp-json\/wp\/v2\/users\/1"}],"replies":[{"embeddable":true,"href":"http:\/\/aputytot.net\/kotisivut\/wp-json\/wp\/v2\/comments?post=90"}],"version-history":[{"count":31,"href":"http:\/\/aputytot.net\/kotisivut\/wp-json\/wp\/v2\/pages\/90\/revisions"}],"predecessor-version":[{"id":532,"href":"http:\/\/aputytot.net\/kotisivut\/wp-json\/wp\/v2\/pages\/90\/revisions\/532"}],"wp:attachment":[{"href":"http:\/\/aputytot.net\/kotisivut\/wp-json\/wp\/v2\/media?parent=90"}],"curies":[{"name":"wp","href":"https:\/\/api.w.org\/{rel}","templated":true}]}}