{"id":9,"date":"2012-11-28T15:10:03","date_gmt":"2012-11-28T13:10:03","guid":{"rendered":"http:\/\/aputytot.net\/kotisivut\/?page_id=9"},"modified":"2014-06-04T08:18:17","modified_gmt":"2014-06-04T05:18:17","slug":"yhteystiedot","status":"publish","type":"page","link":"http:\/\/aputytot.net\/kotisivut\/yhteystiedot\/","title":{"rendered":"Yhteystiedot"},"content":{"rendered":"<h1 style=\"text-align: left;\">Merikarvian Aputyt\u00f6t<\/h1>\n<p style=\"padding-left: 30px;\">Merimiehentie 9 as. 3<\/p>\n<p style=\"padding-left: 30px;\">29900 MERIKARVIA<\/p>\n<p style=\"padding-left: 30px;\">Y-Tunnus:\u00a02619892-4<\/p>\n<h1>Puhelinnumerot:<\/h1>\n<ul>\n<li>Silja Lepist\u00f6 -&gt; 045 865 8750<\/li>\n<\/ul>\n<p style=\"padding-left: 30px;\"><em>S\u00e4hk\u00f6postiosoitteet muotoa: <\/em><strong>etunimi.sukunimi@aputytot.net<\/strong><\/p>\n<h1>Ota yhteytt\u00e4 asiakaspalveluumme:<\/h1>\n\n<div class=\"wpcf7 no-js\" id=\"wpcf7-f6-o1\" lang=\"\" dir=\"ltr\" data-wpcf7-id=\"6\">\n<div class=\"screen-reader-response\"><p role=\"status\" aria-live=\"polite\" aria-atomic=\"true\"><\/p> <ul><\/ul><\/div>\n<form action=\"\/kotisivut\/wp-json\/wp\/v2\/pages\/9#wpcf7-f6-o1\" method=\"post\" class=\"wpcf7-form init\" aria-label=\"Yhteydenottolomake\" novalidate=\"novalidate\" data-status=\"init\">\n<fieldset class=\"hidden-fields-container\"><input type=\"hidden\" name=\"_wpcf7\" value=\"6\" \/><input type=\"hidden\" name=\"_wpcf7_version\" value=\"6.1.5\" \/><input type=\"hidden\" name=\"_wpcf7_locale\" value=\"\" \/><input type=\"hidden\" name=\"_wpcf7_unit_tag\" value=\"wpcf7-f6-o1\" \/><input type=\"hidden\" name=\"_wpcf7_container_post\" value=\"0\" \/><input type=\"hidden\" name=\"_wpcf7_posted_data_hash\" value=\"\" \/>\n<\/fieldset>\n<p>Nimi (pakollinen)\n<\/p>\n<p><span class=\"wpcf7-form-control-wrap\" data-name=\"your-name\"><input size=\"40\" maxlength=\"400\" class=\"wpcf7-form-control wpcf7-text wpcf7-validates-as-required\" aria-required=\"true\" aria-invalid=\"false\" value=\"\" type=\"text\" name=\"your-name\" \/><\/span>\n<\/p>\n<p>S\u00e4hk\u00f6posti (pakollinen)\n<\/p>\n<p><span class=\"wpcf7-form-control-wrap\" data-name=\"your-email\"><input size=\"40\" maxlength=\"400\" class=\"wpcf7-form-control wpcf7-email wpcf7-validates-as-required wpcf7-text wpcf7-validates-as-email\" aria-required=\"true\" aria-invalid=\"false\" value=\"\" type=\"email\" name=\"your-email\" \/><\/span>\n<\/p>\n<p>Aihe\n<\/p>\n<p><span class=\"wpcf7-form-control-wrap\" data-name=\"your-subject\"><input size=\"40\" maxlength=\"400\" class=\"wpcf7-form-control wpcf7-text\" aria-invalid=\"false\" value=\"\" type=\"text\" name=\"your-subject\" \/><\/span>\n<\/p>\n<p>Viesti\n<\/p>\n<p><span class=\"wpcf7-form-control-wrap\" data-name=\"your-message\"><textarea cols=\"40\" rows=\"10\" maxlength=\"2000\" class=\"wpcf7-form-control wpcf7-textarea\" aria-invalid=\"false\" name=\"your-message\"><\/textarea><\/span>\n<\/p>\n<p><input class=\"wpcf7-form-control wpcf7-submit has-spinner\" type=\"submit\" value=\"L\u00e4het\u00e4\" \/>\n<\/p><div class=\"wpcf7-response-output\" aria-hidden=\"true\"><\/div>\n<\/form>\n<\/div>\n\n<p>&nbsp;<\/p>\n<p>&nbsp;<\/p>\n<p>&nbsp;<\/p>\n<p>&nbsp;<\/p>\n<p>&nbsp;<\/p>\n<p>&nbsp;<\/p>\n<p>&nbsp;<\/p>\n<p>&nbsp;<\/p>\n<p>&nbsp;<\/p>\n<p>&nbsp;<\/p>\n<p>&nbsp;<\/p>\n","protected":false},"excerpt":{"rendered":"<p>Merikarvian Aputyt\u00f6t Merimiehentie 9 as. 3 29900 MERIKARVIA Y-Tunnus:\u00a02619892-4 Puhelinnumerot: Silja Lepist\u00f6 -&gt; 045 865 8750 S\u00e4hk\u00f6postiosoitteet muotoa: etunimi.sukunimi@aputytot.net Ota [&hellip;]<\/p>\n","protected":false},"author":1,"featured_media":0,"parent":0,"menu_order":0,"comment_status":"closed","ping_status":"open","template":"","meta":{"footnotes":""},"class_list":["post-9","page","type-page","status-publish","hentry"],"_links":{"self":[{"href":"http:\/\/aputytot.net\/kotisivut\/wp-json\/wp\/v2\/pages\/9","targetHints":{"allow":["GET"]}}],"collection":[{"href":"http:\/\/aputytot.net\/kotisivut\/wp-json\/wp\/v2\/pages"}],"about":[{"href":"http:\/\/aputytot.net\/kotisivut\/wp-json\/wp\/v2\/types\/page"}],"author":[{"embeddable":true,"href":"http:\/\/aputytot.net\/kotisivut\/wp-json\/wp\/v2\/users\/1"}],"replies":[{"embeddable":true,"href":"http:\/\/aputytot.net\/kotisivut\/wp-json\/wp\/v2\/comments?post=9"}],"version-history":[{"count":23,"href":"http:\/\/aputytot.net\/kotisivut\/wp-json\/wp\/v2\/pages\/9\/revisions"}],"predecessor-version":[{"id":304,"href":"http:\/\/aputytot.net\/kotisivut\/wp-json\/wp\/v2\/pages\/9\/revisions\/304"}],"wp:attachment":[{"href":"http:\/\/aputytot.net\/kotisivut\/wp-json\/wp\/v2\/media?parent=9"}],"curies":[{"name":"wp","href":"https:\/\/api.w.org\/{rel}","templated":true}]}}