{"id":29,"date":"2012-11-28T16:14:40","date_gmt":"2012-11-28T14:14:40","guid":{"rendered":"http:\/\/aputytot.net\/kotisivut\/?page_id=29"},"modified":"2026-02-26T16:55:44","modified_gmt":"2026-02-26T14:55:44","slug":"hinnat","status":"publish","type":"page","link":"http:\/\/aputytot.net\/kotisivut\/hinnat\/","title":{"rendered":"Hinnat"},"content":{"rendered":"<ul>\n<li>\n<h3><strong>Tuntisiivous.<\/strong><\/h3>\n<\/li>\n<\/ul>\n<p style=\"padding-left: 30px;\">Veloitamme tuntisiivouksesta\u00a0<strong>37<\/strong><strong> \u20ac \/ tunti<\/strong>. <em>Tuntisiivous k\u00e4sitt\u00e4\u00e4 seuraavia t\u00f6it\u00e4: imurointi, lattianpesu, pintojen puhdistus ja petivaatteiden tuuletus \/ vaihto.<\/em><\/p>\n<ul>\n<li>\n<h3><strong>Yrityssiivous.<\/strong><\/h3>\n<\/li>\n<\/ul>\n<p style=\"padding-left: 30px;\">Veloitamme yrityssiivouksesta <strong>41 \u20ac \/ tunti<\/strong>.<\/p>\n<ul>\n<li>\n<h3><strong>Ikkunoiden pesu.<\/strong><\/h3>\n<\/li>\n<\/ul>\n<div style=\"padding-left: 30px;\">Veloitamme ikkunoidenpesusta <strong>41 \u20ac \/ tunti<\/strong>.<\/div>\n<div>\n<ul>\n<li>\n<h3><strong>Asioinnit.<\/strong><\/h3>\n<\/li>\n<\/ul>\n<div style=\"padding-left: 30px;\">Veloitamme asioinneista <strong>Merikarvian keskustassa 25 \u20ac<\/strong>. Kauemmaksi tilatut asioinnit sovitaan asiakkaan kanssa tapauskohtaisesti.<\/div>\n<div>\n<ul>\n<li>\n<h3><strong>Erikoissiivoukset.<\/strong><\/h3>\n<\/li>\n<\/ul>\n<p style=\"padding-left: 30px;\">Veloitamme erikoissiivouksista <strong>41 \u20ac -&gt; \/ tunti<\/strong>. <em>Erikoissiivous k\u00e4sitt\u00e4\u00e4 esim. ruohonleikkuun, pihaty\u00f6t ja saunan pesun.<\/em><\/p>\n<p align=\"center\"><em>Kaikkiin hintoihimme sis\u00e4ltyy arvonlis\u00e4veroa 25,5 %.<\/em><br \/>\n<em>Peruuttamattomista tilauksista laskutamme 37 \u20ac \/ kpl.<\/em><br \/>\n<em>Huomautuslasku 5 \u20ac. Viiv\u00e4styskorko 10,5 %.<\/em><\/p>\n<hr \/>\n<ul>\n<li>\n<h3><strong>Laskutustavat:<\/strong><\/h3>\n<\/li>\n<\/ul>\n<p style=\"padding-left: 30px;\">K\u00e4teismaksu.<\/p>\n<p style=\"padding-left: 30px;\">Pankkisiirto.<\/p>\n<p style=\"padding-left: 30px;\">Lasku postitse. <em>(Laskutuslis\u00e4 3 \u20ac)<\/em><\/p>\n<p style=\"padding-left: 30px;\">Lasku s\u00e4hk\u00f6postitse.<\/p>\n<\/div>\n<\/div>\n","protected":false},"excerpt":{"rendered":"<p>Tuntisiivous. Veloitamme tuntisiivouksesta\u00a037 \u20ac \/ tunti. Tuntisiivous k\u00e4sitt\u00e4\u00e4 seuraavia t\u00f6it\u00e4: imurointi, lattianpesu, pintojen puhdistus ja petivaatteiden tuuletus \/ vaihto. Yrityssiivous. [&hellip;]<\/p>\n","protected":false},"author":1,"featured_media":0,"parent":0,"menu_order":0,"comment_status":"closed","ping_status":"open","template":"","meta":{"footnotes":""},"class_list":["post-29","page","type-page","status-publish","hentry"],"_links":{"self":[{"href":"http:\/\/aputytot.net\/kotisivut\/wp-json\/wp\/v2\/pages\/29","targetHints":{"allow":["GET"]}}],"collection":[{"href":"http:\/\/aputytot.net\/kotisivut\/wp-json\/wp\/v2\/pages"}],"about":[{"href":"http:\/\/aputytot.net\/kotisivut\/wp-json\/wp\/v2\/types\/page"}],"author":[{"embeddable":true,"href":"http:\/\/aputytot.net\/kotisivut\/wp-json\/wp\/v2\/users\/1"}],"replies":[{"embeddable":true,"href":"http:\/\/aputytot.net\/kotisivut\/wp-json\/wp\/v2\/comments?post=29"}],"version-history":[{"count":35,"href":"http:\/\/aputytot.net\/kotisivut\/wp-json\/wp\/v2\/pages\/29\/revisions"}],"predecessor-version":[{"id":536,"href":"http:\/\/aputytot.net\/kotisivut\/wp-json\/wp\/v2\/pages\/29\/revisions\/536"}],"wp:attachment":[{"href":"http:\/\/aputytot.net\/kotisivut\/wp-json\/wp\/v2\/media?parent=29"}],"curies":[{"name":"wp","href":"https:\/\/api.w.org\/{rel}","templated":true}]}}