{"id":17,"date":"2012-11-28T15:16:40","date_gmt":"2012-11-28T13:16:40","guid":{"rendered":"http:\/\/aputytot.net\/kotisivut\/?page_id=17"},"modified":"2014-06-04T08:15:07","modified_gmt":"2014-06-04T05:15:07","slug":"tervetuloa-merikarvian-aputyttojen-kotisivuille","status":"publish","type":"page","link":"http:\/\/aputytot.net\/kotisivut\/","title":{"rendered":"Etusivu"},"content":{"rendered":"<h2 style=\"text-align: center;\">Tervetuloa Merikarvian ApuTytt\u00f6jen kotisivuille !<\/h2>\n<p><a href=\"http:\/\/aputytot.net\/kotisivut\/wp-content\/uploads\/2012\/11\/logo_aputytot.jpg\"><img loading=\"lazy\" decoding=\"async\" class=\"alignright size-full wp-image-46\" title=\"Aputytt\u00f6jen logo !\" src=\"http:\/\/aputytot.net\/kotisivut\/wp-content\/uploads\/2012\/11\/logo_aputytot.jpg\" alt=\"\" width=\"190\" height=\"82\" \/><\/a>\u00a0Merikarvian ApuTyt\u00f6t on vuoden 2012 lopulla perustettu siivouspalvelualan yritys joka toimii Merikarvian ja Siikaisten alueella.<\/p>\n<p>Tarvitsetko apua arjen askareissa. ApuTyt\u00f6t auttaa mm. siivouksissa, asioinneissa ja pihat\u00f6iss\u00e4 asiakkaiden kodeissa, vapaa-ajan asunnoissa tai yrityksien toimitiloissa. Voit ilahduttaa my\u00f6s l\u00e4himm\u00e4isi\u00e4si <a title=\"Lue lis\u00e4\u00e4 lahjakortista !\" href=\"http:\/\/aputytot.net\/kotisivut\/?page_id=71\">siivouslahjakortillamme<\/a>. Suoritamme my\u00f6s erikoissiivouksia. <a title=\"Siirry yhteystietoihimme !\" href=\"http:\/\/aputytot.net\/kotisivut\/?page_id=9\">Ota meihin yhteytt\u00e4<\/a> niin jutellaan ja sovitaan asioista.<\/p>\n<p>&nbsp;<\/p>\n<p>&nbsp;<\/p>\n<p>&nbsp;<\/p>\n<p>&nbsp;<\/p>\n<p>&nbsp;<\/p>\n<p>&nbsp;<\/p>\n<p>&nbsp;<\/p>\n<p>&nbsp;<\/p>\n<p>&nbsp;<\/p>\n<p>&nbsp;<\/p>\n<p>&nbsp;<\/p>\n","protected":false},"excerpt":{"rendered":"<p>Tervetuloa Merikarvian ApuTytt\u00f6jen kotisivuille ! \u00a0Merikarvian ApuTyt\u00f6t on vuoden 2012 lopulla perustettu siivouspalvelualan yritys joka toimii Merikarvian ja Siikaisten alueella. [&hellip;]<\/p>\n","protected":false},"author":1,"featured_media":0,"parent":0,"menu_order":0,"comment_status":"closed","ping_status":"open","template":"","meta":{"footnotes":""},"class_list":["post-17","page","type-page","status-publish","hentry"],"_links":{"self":[{"href":"http:\/\/aputytot.net\/kotisivut\/wp-json\/wp\/v2\/pages\/17","targetHints":{"allow":["GET"]}}],"collection":[{"href":"http:\/\/aputytot.net\/kotisivut\/wp-json\/wp\/v2\/pages"}],"about":[{"href":"http:\/\/aputytot.net\/kotisivut\/wp-json\/wp\/v2\/types\/page"}],"author":[{"embeddable":true,"href":"http:\/\/aputytot.net\/kotisivut\/wp-json\/wp\/v2\/users\/1"}],"replies":[{"embeddable":true,"href":"http:\/\/aputytot.net\/kotisivut\/wp-json\/wp\/v2\/comments?post=17"}],"version-history":[{"count":40,"href":"http:\/\/aputytot.net\/kotisivut\/wp-json\/wp\/v2\/pages\/17\/revisions"}],"predecessor-version":[{"id":299,"href":"http:\/\/aputytot.net\/kotisivut\/wp-json\/wp\/v2\/pages\/17\/revisions\/299"}],"wp:attachment":[{"href":"http:\/\/aputytot.net\/kotisivut\/wp-json\/wp\/v2\/media?parent=17"}],"curies":[{"name":"wp","href":"https:\/\/api.w.org\/{rel}","templated":true}]}}